{"id":620,"date":"2023-12-12T14:45:02","date_gmt":"2023-12-12T14:45:02","guid":{"rendered":"https:\/\/mtiautomation.com\/?post_type=product&#038;p=620"},"modified":"2024-02-27T14:53:29","modified_gmt":"2024-02-27T14:53:29","slug":"40mm-4-tier-signal-tower-24v-dc-pole-mount-with-l-bracket-and-cable","status":"publish","type":"product","link":"https:\/\/mtiautomation.com\/fr\/shop\/40mm-4-tier-signal-tower-24v-dc-pole-mount-with-l-bracket-and-cable\/","title":{"rendered":"40mm 4-tier Signal Tower, Flashing\/Buzzer, Off-white"},"content":{"rendered":"","protected":false},"excerpt":{"rendered":"<p>Le panneau de signalisation \u00e0 quatre niveaux de 40 mm, aliment\u00e9 en 24 V CC et fourni avec un support de montage sur poteau, une \u00e9querre et un c\u00e2ble, est un dispositif de signalisation robuste et performant, adapt\u00e9 \u00e0 divers environnements industriels. Ce mod\u00e8le est particuli\u00e8rement adapt\u00e9 aux environnements o\u00f9 une communication visuelle claire et multiniveaux est essentielle, comme dans les usines de fabrication, les lignes d&#039;automatisation et les zones de contr\u00f4le de processus. Sa configuration \u00e0 quatre niveaux, sa taille compacte et ses nombreuses options de montage en font un choix polyvalent pour transmettre des informations d&#039;\u00e9tat complexes de mani\u00e8re compacte.<\/p>","protected":false},"featured_media":614,"template":"","meta":[],"product_brand":[],"product_cat":[31,47,61],"product_tag":[],"class_list":{"0":"post-620","1":"product","2":"type-product","3":"status-publish","4":"has-post-thumbnail","6":"product_cat-automation","7":"product_cat-patlite","8":"product_cat-price","10":"first","11":"instock","12":"taxable","13":"shipping-taxable","14":"purchasable","15":"product-type-simple"},"_links":{"self":[{"href":"https:\/\/mtiautomation.com\/fr\/wp-json\/wp\/v2\/product\/620","targetHints":{"allow":["GET"]}}],"collection":[{"href":"https:\/\/mtiautomation.com\/fr\/wp-json\/wp\/v2\/product"}],"about":[{"href":"https:\/\/mtiautomation.com\/fr\/wp-json\/wp\/v2\/types\/product"}],"wp:featuredmedia":[{"embeddable":true,"href":"https:\/\/mtiautomation.com\/fr\/wp-json\/wp\/v2\/media\/614"}],"wp:attachment":[{"href":"https:\/\/mtiautomation.com\/fr\/wp-json\/wp\/v2\/media?parent=620"}],"wp:term":[{"taxonomy":"product_brand","embeddable":true,"href":"https:\/\/mtiautomation.com\/fr\/wp-json\/wp\/v2\/product_brand?post=620"},{"taxonomy":"product_cat","embeddable":true,"href":"https:\/\/mtiautomation.com\/fr\/wp-json\/wp\/v2\/product_cat?post=620"},{"taxonomy":"product_tag","embeddable":true,"href":"https:\/\/mtiautomation.com\/fr\/wp-json\/wp\/v2\/product_tag?post=620"}],"curies":[{"name":"wp","href":"https:\/\/api.w.org\/{rel}","templated":true}]}}