{"id":3947,"date":"2024-08-30T19:51:14","date_gmt":"2024-08-30T19:51:14","guid":{"rendered":"https:\/\/mtiautomation.com\/?post_type=product&#038;p=3947"},"modified":"2025-05-26T18:57:05","modified_gmt":"2025-05-26T18:57:05","slug":"mcqv-11-125-550m","status":"publish","type":"product","link":"https:\/\/mtiautomation.com\/fr\/shop\/mcqv-11-125-550m\/","title":{"rendered":"MCQV-11-125-0550M &#8211; CYLINDER 125MM BORE X 550MM STROKE"},"content":{"rendered":"<table style=\"border-collapse: collapse; width: 100%;\">\n<tbody>\n<tr>\n<td style=\"width: 50%;\">\u00a0DI du tube (mm)<\/td>\n<td style=\"width: 50%;\">\u00a0125, 160, 200<\/td>\n<\/tr>\n<tr>\n<td style=\"width: 50%;\">\u00a0Moyen<\/td>\n<td style=\"width: 50%;\">\u00a0Air<\/td>\n<\/tr>\n<tr>\n<td style=\"width: 50%;\">\u00a0Plage de pression de fonctionnement<\/td>\n<td style=\"width: 50%;\">\u00a00,05 ~ 1 MPa<\/td>\n<\/tr>\n<tr>\n<td style=\"width: 50%;\">\u00a0Pression d&#039;\u00e9preuve<\/td>\n<td style=\"width: 50%;\">\u00a01,5 MPa<\/td>\n<\/tr>\n<tr>\n<td style=\"width: 50%;\">\u00a0Temp\u00e9rature ambiante<\/td>\n<td style=\"width: 50%;\">\uff0d5~\uff0b60\u2103 (No freezing)<\/td>\n<\/tr>\n<tr>\n<td style=\"width: 50%;\">\u00a0Plage de vitesse disponible<\/td>\n<td style=\"width: 50%;\">\u00a050~500 mm\/sec<\/td>\n<\/tr>\n<tr>\n<td style=\"width: 50%;\">\u00a0Commutateur de capteur<\/td>\n<td style=\"width: 50%;\">\u00a0RCA<\/td>\n<\/tr>\n<tr>\n<td style=\"width: 50%;\">\u00a0Sensor switch holder<\/td>\n<td style=\"width: 50%;\">\u00a0HV4, PM16, HA5<\/td>\n<\/tr>\n<\/tbody>\n<\/table>","protected":false},"excerpt":{"rendered":"<p><strong>Non-lubrication &#8211; <\/strong>Un bo\u00eetier et une bague sp\u00e9ciaux permettent l&#039;autolubrification de la tige de piston.<\/p>\n<p><strong>High quality-long service life &#8211;<\/strong> Les tubes cylindriques en aluminium anodis\u00e9 dur offrent une haute r\u00e9sistance \u00e0 la corrosion et un faible frottement interne.<\/p>\n<p><strong>Sp\u00e9cification de la norme ISO 15552 \u2013 <\/strong>Conforme \u00e0 la sp\u00e9cification ISO 15552 permettant une interchangeabilit\u00e9 mondiale.<\/p>\n<p><strong>Cylinder mountings &#8211; <\/strong>Available with comprehensive internationally recognised range of fixed and flexible mountings.<\/p>","protected":false},"featured_media":3845,"template":"","meta":[],"product_brand":[],"product_cat":[32,325],"product_tag":[],"class_list":{"0":"post-3947","1":"product","2":"type-product","3":"status-publish","4":"has-post-thumbnail","6":"product_cat-cylinders","7":"product_cat-mcqv","9":"first","10":"instock","11":"taxable","12":"shipping-taxable","13":"purchasable","14":"product-type-simple"},"_links":{"self":[{"href":"https:\/\/mtiautomation.com\/fr\/wp-json\/wp\/v2\/product\/3947","targetHints":{"allow":["GET"]}}],"collection":[{"href":"https:\/\/mtiautomation.com\/fr\/wp-json\/wp\/v2\/product"}],"about":[{"href":"https:\/\/mtiautomation.com\/fr\/wp-json\/wp\/v2\/types\/product"}],"wp:featuredmedia":[{"embeddable":true,"href":"https:\/\/mtiautomation.com\/fr\/wp-json\/wp\/v2\/media\/3845"}],"wp:attachment":[{"href":"https:\/\/mtiautomation.com\/fr\/wp-json\/wp\/v2\/media?parent=3947"}],"wp:term":[{"taxonomy":"product_brand","embeddable":true,"href":"https:\/\/mtiautomation.com\/fr\/wp-json\/wp\/v2\/product_brand?post=3947"},{"taxonomy":"product_cat","embeddable":true,"href":"https:\/\/mtiautomation.com\/fr\/wp-json\/wp\/v2\/product_cat?post=3947"},{"taxonomy":"product_tag","embeddable":true,"href":"https:\/\/mtiautomation.com\/fr\/wp-json\/wp\/v2\/product_tag?post=3947"}],"curies":[{"name":"wp","href":"https:\/\/api.w.org\/{rel}","templated":true}]}}