{"id":3175,"date":"2024-06-10T19:54:34","date_gmt":"2024-06-10T19:54:34","guid":{"rendered":"https:\/\/mtiautomation.com\/?post_type=product&#038;p=3175"},"modified":"2025-05-13T19:54:49","modified_gmt":"2025-05-13T19:54:49","slug":"cylinder-32mm-bore-x-700mm-stroke","status":"publish","type":"product","link":"https:\/\/mtiautomation.com\/fr\/shop\/cylinder-32mm-bore-x-700mm-stroke\/","title":{"rendered":"MCQI3-11-32-0700M &#8211; CYLINDER 32MM BORE X 700MM STROKE"},"content":{"rendered":"<table style=\"border-collapse: collapse; width: 100%;\">\n<tbody>\n<tr>\n<td style=\"width: 50%;\">\u00a0DI du tube (mm)<\/td>\n<td style=\"width: 50%;\">\u00a032, 40, 50, 63, 80, 100<\/td>\n<\/tr>\n<tr>\n<td style=\"width: 50%;\">\u00a0Moyen<\/td>\n<td style=\"width: 50%;\">\u00a0Air<\/td>\n<\/tr>\n<tr>\n<td style=\"width: 50%;\">\u00a0Plage de pression de fonctionnement<\/td>\n<td style=\"width: 50%;\">\u00a00,05 ~ 1 MPa<\/td>\n<\/tr>\n<tr>\n<td style=\"width: 50%;\">\u00a0Pression d&#039;\u00e9preuve<\/td>\n<td style=\"width: 50%;\">\u00a01,5 MPa<\/td>\n<\/tr>\n<tr>\n<td style=\"width: 50%;\">\u00a0Temp\u00e9rature ambiante<\/td>\n<td style=\"width: 50%;\">\uff0d5\u2103~\uff0b60\u2103 (Pas de gel)<\/td>\n<\/tr>\n<tr>\n<td style=\"width: 50%;\">\u00a0Plage de vitesse disponible<\/td>\n<td style=\"width: 50%;\">\u00a050~500 mm\/sec<\/td>\n<\/tr>\n<tr>\n<td style=\"width: 50%;\">\u00a0Commutateur de capteur<\/td>\n<td style=\"width: 50%;\">\u00a0RCI<\/td>\n<\/tr>\n<\/tbody>\n<\/table>","protected":false},"excerpt":{"rendered":"<p>CYLINDER 32MM BORE X 700MM STROKE<\/p>\n<p>Automatic air cushioning &#8211; Pneumatic cushioning at both ends without adjusting. Tube I.D. \u03c6 32, 40, 50, 63, 80, 100. Conformance to ISO 15552 specification. Unified design, most parts of each type are interchangeable among each other.<\/p>\n<ul>\n<li><strong>Non lubrification \u2013 <\/strong>Un bo\u00eetier et une bague sp\u00e9ciaux permettent l&#039;autolubrification de la tige de piston.<\/li>\n<li><strong>Longue dur\u00e9e de vie de haute qualit\u00e9 \u2013 <\/strong>Les tubes cylindriques en aluminium anodis\u00e9 dur offrent une haute r\u00e9sistance \u00e0 la corrosion et un faible frottement interne.<\/li>\n<li><strong>Amortissement automatique de l&#039;air<\/strong> \u2013 Amortissement pneumatique aux deux extr\u00e9mit\u00e9s sans r\u00e9glage.<\/li>\n<li><strong>Faible niveau sonore \u2013 <\/strong>Ajoutez un coussin pour r\u00e9duire les bruits d&#039;impact et les vibrations.<\/li>\n<li><strong>Sp\u00e9cification de la norme ISO 15552 \u2013 <\/strong>Conforme \u00e0 la sp\u00e9cification ISO 15552 permettant une interchangeabilit\u00e9 mondiale.<\/li>\n<li><strong>Interrupteur \u00e0 lames facile \u00e0 ins\u00e9rer<\/strong> \u2013 Gr\u00e2ce aux quatre rainures sur le tube, les capteurs de proximit\u00e9 et Reed peuvent \u00eatre facilement ins\u00e9r\u00e9s dans n&#039;importe quelle position.<\/li>\n<\/ul>","protected":false},"featured_media":2948,"template":"","meta":[],"product_brand":[],"product_cat":[32,307],"product_tag":[],"class_list":{"0":"post-3175","1":"product","2":"type-product","3":"status-publish","4":"has-post-thumbnail","6":"product_cat-cylinders","7":"product_cat-iso-metric-mcqi-3","9":"first","10":"instock","11":"taxable","12":"shipping-taxable","13":"purchasable","14":"product-type-simple"},"_links":{"self":[{"href":"https:\/\/mtiautomation.com\/fr\/wp-json\/wp\/v2\/product\/3175","targetHints":{"allow":["GET"]}}],"collection":[{"href":"https:\/\/mtiautomation.com\/fr\/wp-json\/wp\/v2\/product"}],"about":[{"href":"https:\/\/mtiautomation.com\/fr\/wp-json\/wp\/v2\/types\/product"}],"wp:featuredmedia":[{"embeddable":true,"href":"https:\/\/mtiautomation.com\/fr\/wp-json\/wp\/v2\/media\/2948"}],"wp:attachment":[{"href":"https:\/\/mtiautomation.com\/fr\/wp-json\/wp\/v2\/media?parent=3175"}],"wp:term":[{"taxonomy":"product_brand","embeddable":true,"href":"https:\/\/mtiautomation.com\/fr\/wp-json\/wp\/v2\/product_brand?post=3175"},{"taxonomy":"product_cat","embeddable":true,"href":"https:\/\/mtiautomation.com\/fr\/wp-json\/wp\/v2\/product_cat?post=3175"},{"taxonomy":"product_tag","embeddable":true,"href":"https:\/\/mtiautomation.com\/fr\/wp-json\/wp\/v2\/product_tag?post=3175"}],"curies":[{"name":"wp","href":"https:\/\/api.w.org\/{rel}","templated":true}]}}