{"id":3018,"date":"2024-05-30T18:58:05","date_gmt":"2024-05-30T18:58:05","guid":{"rendered":"https:\/\/mtiautomation.com\/?post_type=product&#038;p=3018"},"modified":"2025-05-30T19:33:38","modified_gmt":"2025-05-30T19:33:38","slug":"cylinder-3-1-4-bore-x-24-stroke","status":"publish","type":"product","link":"https:\/\/mtiautomation.com\/fr\/shop\/cylinder-3-1-4-bore-x-24-stroke\/","title":{"rendered":"MCQN-11-80-2400M &#8211; CYLINDER 3&#8221; 1\/4 BORE X 24&#8221; STROKE"},"content":{"rendered":"<table style=\"border-collapse: collapse; width: 100%;\">\n<tbody>\n<tr>\n<td style=\"width: 50%;\">\u00a0Tube I.D. (inch)<\/td>\n<td style=\"width: 50%;\">\u00a01-1\/2\u201d, 2&#8243;, 2-1\/2&#8243;, 3-1\/4&#8243;, 4\u201d<\/td>\n<\/tr>\n<tr>\n<td style=\"width: 50%;\">\u00a0Port size<\/td>\n<td style=\"width: 50%;\">\u00a0NPT3\/8, NPT1\/2<\/td>\n<\/tr>\n<tr>\n<td style=\"width: 50%;\">\u00a0Moyen<\/td>\n<td style=\"width: 50%;\">\u00a0Air<\/td>\n<\/tr>\n<tr>\n<td style=\"width: 50%;\">\u00a0Max. operating pressure<\/td>\n<td style=\"width: 50%;\">\u00a01 MPa<\/td>\n<\/tr>\n<tr>\n<td style=\"width: 50%;\">\u00a0Min. operating pressure<\/td>\n<td style=\"width: 50%;\">\u00a00.05 MPa<\/td>\n<\/tr>\n<tr>\n<td style=\"width: 50%;\">\u00a0Pression d&#039;\u00e9preuve<\/td>\n<td style=\"width: 50%;\">\u00a01,5 MPa<\/td>\n<\/tr>\n<tr>\n<td style=\"width: 50%;\">\u00a0Temp\u00e9rature ambiante<\/td>\n<td style=\"width: 50%;\">\uff0d5~\uff0b60\u2103 (No freezing)<\/td>\n<\/tr>\n<tr>\n<td style=\"width: 50%;\">\u00a0Plage de vitesse disponible<\/td>\n<td style=\"width: 50%;\">\u00a050~500 mm\/sec<\/td>\n<\/tr>\n<tr>\n<td style=\"width: 50%;\">\u00a0Commutateur de capteur<\/td>\n<td style=\"width: 50%;\">\u00a0RCA<\/td>\n<\/tr>\n<tr>\n<td style=\"width: 50%;\">\u00a0Sensor switch holder<\/td>\n<td style=\"width: 50%;\">\u00a0HV1, HV2, HV3<\/td>\n<\/tr>\n<\/tbody>\n<\/table>","protected":false},"excerpt":{"rendered":"<p>CYLINDER 3&#8221; 1\/4 BORE X 24&#8221; STROKE<\/p>\n<p>Designs of oil-filled alloy.special housing and bushing provide the needed self-lubrication of piston rod. Hard anodized aluminum cylinder tubes resist corrosion and abrasion.<\/p>\n<ul>\n<li><strong>Non lubrication<\/strong> &#8211; Special housing and bushing enables self lubrication of piston rod.<\/li>\n<li><strong>Longue dur\u00e9e de vie de haute qualit\u00e9 \u2013 <\/strong>Les tubes cylindriques en aluminium anodis\u00e9 dur offrent une haute r\u00e9sistance \u00e0 la corrosion et un faible frottement interne.<\/li>\n<li><strong>Full range of NFPA interchangeable mounting configurations &#8211; <\/strong>Mounting dimensions are in accordance with ANSI (NFPA) T3.6.7 R2-1996, fluid power systems and products-square head industrial cylinders-mounting dimensions.<\/li>\n<\/ul>","protected":false},"featured_media":1192,"template":"","meta":[],"product_brand":[],"product_cat":[308,32],"product_tag":[],"class_list":{"0":"post-3018","1":"product","2":"type-product","3":"status-publish","4":"has-post-thumbnail","6":"product_cat-nfpa-imperial-mcqn","7":"product_cat-cylinders","9":"first","10":"instock","11":"taxable","12":"shipping-taxable","13":"purchasable","14":"product-type-simple"},"_links":{"self":[{"href":"https:\/\/mtiautomation.com\/fr\/wp-json\/wp\/v2\/product\/3018","targetHints":{"allow":["GET"]}}],"collection":[{"href":"https:\/\/mtiautomation.com\/fr\/wp-json\/wp\/v2\/product"}],"about":[{"href":"https:\/\/mtiautomation.com\/fr\/wp-json\/wp\/v2\/types\/product"}],"wp:featuredmedia":[{"embeddable":true,"href":"https:\/\/mtiautomation.com\/fr\/wp-json\/wp\/v2\/media\/1192"}],"wp:attachment":[{"href":"https:\/\/mtiautomation.com\/fr\/wp-json\/wp\/v2\/media?parent=3018"}],"wp:term":[{"taxonomy":"product_brand","embeddable":true,"href":"https:\/\/mtiautomation.com\/fr\/wp-json\/wp\/v2\/product_brand?post=3018"},{"taxonomy":"product_cat","embeddable":true,"href":"https:\/\/mtiautomation.com\/fr\/wp-json\/wp\/v2\/product_cat?post=3018"},{"taxonomy":"product_tag","embeddable":true,"href":"https:\/\/mtiautomation.com\/fr\/wp-json\/wp\/v2\/product_tag?post=3018"}],"curies":[{"name":"wp","href":"https:\/\/api.w.org\/{rel}","templated":true}]}}