{"id":554,"date":"2023-12-12T04:59:43","date_gmt":"2023-12-12T04:59:43","guid":{"rendered":"https:\/\/mtiautomation.com\/?page_id=554"},"modified":"2024-05-28T10:52:25","modified_gmt":"2024-05-28T10:52:25","slug":"about","status":"publish","type":"page","link":"https:\/\/mtiautomation.com\/fr\/about\/","title":{"rendered":"\u00c0 propos"},"content":{"rendered":"<div data-elementor-type=\"wp-page\" data-elementor-id=\"554\" class=\"elementor elementor-554\" data-elementor-post-type=\"page\">\n\t\t\t\t<div class=\"elementor-element elementor-element-14e0fd0 e-con-full wd-section-stretch e-flex e-con e-parent\" data-id=\"14e0fd0\" data-element_type=\"container\">\n\t\t<div class=\"elementor-element elementor-element-35c8767 e-flex e-con-boxed e-con e-child\" data-id=\"35c8767\" data-element_type=\"container\" data-settings=\"{&quot;background_background&quot;:&quot;classic&quot;}\">\n\t\t\t\t\t<div class=\"e-con-inner\">\n\t\t\t\t<div class=\"elementor-element elementor-element-fed567f elementor-widget elementor-widget-heading\" data-id=\"fed567f\" data-element_type=\"widget\" data-widget_type=\"heading.default\">\n\t\t\t\t<div class=\"elementor-widget-container\">\n\t\t\t\t\t<h1 class=\"elementor-heading-title elementor-size-default\">\u00c0 propos de nous<\/h1>\t\t\t\t<\/div>\n\t\t\t\t<\/div>\n\t\t\t\t\t<\/div>\n\t\t\t\t<\/div>\n\t\t\t\t<\/div>\n\t\t<div class=\"elementor-element elementor-element-dfe7328 e-flex e-con-boxed e-con e-parent\" data-id=\"dfe7328\" data-element_type=\"container\">\n\t\t\t\t\t<div class=\"e-con-inner\">\n\t\t\t\t<div class=\"elementor-element elementor-element-35000a0 elementor-widget elementor-widget-heading\" data-id=\"35000a0\" data-element_type=\"widget\" data-widget_type=\"heading.default\">\n\t\t\t\t<div class=\"elementor-widget-container\">\n\t\t\t\t\t<h2 class=\"elementor-heading-title elementor-size-default\">Catering to your requirements, handling your needs with care<\/h2>\t\t\t\t<\/div>\n\t\t\t\t<\/div>\n\t\t\t\t<div class=\"elementor-element elementor-element-c1aa86b color-scheme-inherit text-left elementor-widget elementor-widget-text-editor\" data-id=\"c1aa86b\" data-element_type=\"widget\" data-widget_type=\"text-editor.default\">\n\t\t\t\t<div class=\"elementor-widget-container\">\n\t\t\t\t\t\t\t\t\t<p>Our store is more than just another average online retailer. We sell not only top quality products, but also give our customers a positive online shopping experience. Forget about struggling to do everything at once: taking care of the family, running your business, walking your dog, cleaning the house, doing the shopping, etc. Purchase the goods in a few clicks or taps, depending on the device you use. We work to make your life more enjoyable.<\/p>\t\t\t\t\t\t\t\t<\/div>\n\t\t\t\t<\/div>\n\t\t\t\t\t<\/div>\n\t\t\t\t<\/div>\n\t\t<div class=\"elementor-element elementor-element-5c0f47c e-flex e-con-boxed e-con e-parent\" data-id=\"5c0f47c\" data-element_type=\"container\">\n\t\t\t\t\t<div class=\"e-con-inner\">\n\t\t<div class=\"elementor-element elementor-element-1178f42 e-con-full e-flex e-con e-child\" data-id=\"1178f42\" data-element_type=\"container\" data-settings=\"{&quot;background_background&quot;:&quot;gradient&quot;}\">\n\t\t\t\t<div class=\"elementor-element elementor-element-c371bf1 elementor-widget elementor-widget-heading\" data-id=\"c371bf1\" data-element_type=\"widget\" data-widget_type=\"heading.default\">\n\t\t\t\t<div class=\"elementor-widget-container\">\n\t\t\t\t\t<h2 class=\"elementor-heading-title elementor-size-default\">150000<\/h2>\t\t\t\t<\/div>\n\t\t\t\t<\/div>\n\t\t\t\t<div class=\"elementor-element elementor-element-9e793d3 color-scheme-inherit text-left elementor-widget elementor-widget-text-editor\" data-id=\"9e793d3\" data-element_type=\"widget\" data-widget_type=\"text-editor.default\">\n\t\t\t\t<div class=\"elementor-widget-container\">\n\t\t\t\t\t\t\t\t\t<p>PRODUCTS AVAILABLE<\/p>\t\t\t\t\t\t\t\t<\/div>\n\t\t\t\t<\/div>\n\t\t\t\t<\/div>\n\t\t<div class=\"elementor-element elementor-element-159bf4e e-con-full e-flex e-con e-child\" data-id=\"159bf4e\" data-element_type=\"container\" data-settings=\"{&quot;background_background&quot;:&quot;gradient&quot;}\">\n\t\t\t\t<div class=\"elementor-element elementor-element-e446295 elementor-widget elementor-widget-heading\" data-id=\"e446295\" data-element_type=\"widget\" data-widget_type=\"heading.default\">\n\t\t\t\t<div class=\"elementor-widget-container\">\n\t\t\t\t\t<h2 class=\"elementor-heading-title elementor-size-default\">81%<\/h2>\t\t\t\t<\/div>\n\t\t\t\t<\/div>\n\t\t\t\t<div class=\"elementor-element elementor-element-984d1cd color-scheme-inherit text-left elementor-widget elementor-widget-text-editor\" data-id=\"984d1cd\" data-element_type=\"widget\" data-widget_type=\"text-editor.default\">\n\t\t\t\t<div class=\"elementor-widget-container\">\n\t\t\t\t\t\t\t\t\t<p>CLIENTS COME BACK<\/p>\t\t\t\t\t\t\t\t<\/div>\n\t\t\t\t<\/div>\n\t\t\t\t<\/div>\n\t\t<div class=\"elementor-element elementor-element-05ccdd5 e-con-full e-flex e-con e-child\" data-id=\"05ccdd5\" data-element_type=\"container\" data-settings=\"{&quot;background_background&quot;:&quot;gradient&quot;}\">\n\t\t\t\t<div class=\"elementor-element elementor-element-9e217f5 elementor-widget elementor-widget-heading\" data-id=\"9e217f5\" data-element_type=\"widget\" data-widget_type=\"heading.default\">\n\t\t\t\t<div class=\"elementor-widget-container\">\n\t\t\t\t\t<h2 class=\"elementor-heading-title elementor-size-default\">50<\/h2>\t\t\t\t<\/div>\n\t\t\t\t<\/div>\n\t\t\t\t<div class=\"elementor-element elementor-element-917f1a1 color-scheme-inherit text-left elementor-widget elementor-widget-text-editor\" data-id=\"917f1a1\" data-element_type=\"widget\" data-widget_type=\"text-editor.default\">\n\t\t\t\t<div class=\"elementor-widget-container\">\n\t\t\t\t\t\t\t\t\t<p>PARTNERSHIP<\/p>\t\t\t\t\t\t\t\t<\/div>\n\t\t\t\t<\/div>\n\t\t\t\t<\/div>\n\t\t\t\t\t<\/div>\n\t\t\t\t<\/div>\n\t\t<div class=\"elementor-element elementor-element-b0a7927 e-flex e-con-boxed e-con e-parent\" data-id=\"b0a7927\" data-element_type=\"container\" data-settings=\"{&quot;background_background&quot;:&quot;classic&quot;}\">\n\t\t\t\t\t<div class=\"e-con-inner\">\n\t\t<div class=\"elementor-element elementor-element-50e7b0f e-con-full e-flex e-con e-child\" data-id=\"50e7b0f\" data-element_type=\"container\">\n\t\t\t\t<div class=\"elementor-element elementor-element-2fe3536 elementor-widget elementor-widget-heading\" data-id=\"2fe3536\" data-element_type=\"widget\" data-widget_type=\"heading.default\">\n\t\t\t\t<div class=\"elementor-widget-container\">\n\t\t\t\t\t<h2 class=\"elementor-heading-title elementor-size-default\">STORE EVENTS<\/h2>\t\t\t\t<\/div>\n\t\t\t\t<\/div>\n\t\t\t\t<div class=\"elementor-element elementor-element-85bf7ea elementor-widget elementor-widget-image\" data-id=\"85bf7ea\" data-element_type=\"widget\" data-widget_type=\"image.default\">\n\t\t\t\t<div class=\"elementor-widget-container\">\n\t\t\t\t\t\t\t\t\t\t\t\t\t\t\t<img fetchpriority=\"high\" decoding=\"async\" width=\"544\" height=\"484\" src=\"https:\/\/mtiautomation.com\/wp-content\/uploads\/2024\/03\/Group-104.png\" class=\"attachment-large size-large wp-image-1934\" alt=\"\" srcset=\"https:\/\/mtiautomation.com\/wp-content\/uploads\/2024\/03\/Group-104.png 544w, https:\/\/mtiautomation.com\/wp-content\/uploads\/2024\/03\/Group-104-150x133.png 150w, https:\/\/mtiautomation.com\/wp-content\/uploads\/2024\/03\/Group-104-300x267.png 300w\" sizes=\"(max-width: 544px) 100vw, 544px\" \/>\t\t\t\t\t\t\t\t\t\t\t\t\t\t\t<\/div>\n\t\t\t\t<\/div>\n\t\t\t\t<\/div>\n\t\t<div class=\"elementor-element elementor-element-003d536 e-con-full e-flex e-con e-child\" data-id=\"003d536\" data-element_type=\"container\">\n\t\t\t\t<div class=\"elementor-element elementor-element-4fe889e elementor-position-left elementor-vertical-align-middle elementor-view-default elementor-mobile-position-top elementor-widget elementor-widget-icon-box\" data-id=\"4fe889e\" data-element_type=\"widget\" data-widget_type=\"icon-box.default\">\n\t\t\t\t<div class=\"elementor-widget-container\">\n\t\t\t\t\t\t\t<div class=\"elementor-icon-box-wrapper\">\n\n\t\t\t\t\t\t<div class=\"elementor-icon-box-icon\">\n\t\t\t\t<span  class=\"elementor-icon\">\n\t\t\t\t<svg xmlns=\"http:\/\/www.w3.org\/2000\/svg\" xmlns:xlink=\"http:\/\/www.w3.org\/1999\/xlink\" width=\"512\" height=\"512\" x=\"0\" y=\"0\" viewbox=\"0 0 32 32\" style=\"enable-background:new 0 0 512 512\" xml:space=\"preserve\" class=\"\"><g><path d=\"M19 31a.5.5 0 0 1-.477-.35c-.029-.065-.203-.212-.323-.283-1.49-.873-3.174-4.733-3.361-5.17l-1.581-6.102a.5.5 0 0 1 .23-.556c.975-.573 1.726-.522 2.188-.378.647.203 1.179.717 1.535 1.487L18 21.296V12c0-1.103.897-2 2-2s2 .897 2 2v5.269a2 2 0 0 1 2.714.701c.348-.293.797-.47 1.286-.47.871 0 1.614.56 1.888 1.338A2.002 2.002 0 0 1 31 20.5v8c0 1.378-1.121 2.5-2.5 2.5h-5a.5.5 0 0 1 0-1h5c.827 0 1.5-.673 1.5-1.5v-8a1.001 1.001 0 0 0-2 0 .5.5 0 0 1-1 0v-1a1.001 1.001 0 0 0-2 0 .5.5 0 0 1-1 0V19a1.001 1.001 0 0 0-2 0 .5.5 0 0 1-1 0v-7a1.001 1.001 0 0 0-2 0v11.5a.501.501 0 0 1-.952.216l-1.742-3.643c-.166-.359-.46-.812-.929-.958-.306-.095-.658-.057-1.052.116l1.457 5.645c.448 1.033 1.899 4.03 2.924 4.63.146.086.629.399.77.845A.5.5 0 0 1 19 31zM19.5 8.5a.502.502 0 0 1-.354-.146l-2.5-2.5a.5.5 0 0 1 .707-.707L19.5 7.293l5.646-5.646a.5.5 0 0 1 .707.707l-6 6a.498.498 0 0 1-.353.146zM10.5 12h-8c-.827 0-1.5-.673-1.5-1.5v-8C1 1.673 1.673 1 2.5 1h8c.827 0 1.5.673 1.5 1.5v8c0 .827-.673 1.5-1.5 1.5zm-8-10a.5.5 0 0 0-.5.5v8a.5.5 0 0 0 .5.5h8a.5.5 0 0 0 .5-.5v-8a.5.5 0 0 0-.5-.5zM10.5 25h-8c-.827 0-1.5-.673-1.5-1.5v-8c0-.827.673-1.5 1.5-1.5h8c.827 0 1.5.673 1.5 1.5v8c0 .827-.673 1.5-1.5 1.5zm-8-10a.5.5 0 0 0-.5.5v8a.5.5 0 0 0 .5.5h8a.5.5 0 0 0 .5-.5v-8a.5.5 0 0 0-.5-.5z\" fill=\"#7d1f1c\" opacity=\"1\" data-original=\"#000000\" class=\"\"><\/path><path d=\"M16.5 12h-1c-.827 0-1.5-.673-1.5-1.5v-8c0-.827.673-1.5 1.5-1.5h8a.5.5 0 0 1 0 1h-8a.5.5 0 0 0-.5.5v8a.5.5 0 0 0 .5.5h1a.5.5 0 0 1 0 1zM23.5 12h-2a.5.5 0 0 1 0-1h2a.5.5 0 0 0 .5-.5v-5a.5.5 0 0 1 1 0v5c0 .827-.673 1.5-1.5 1.5z\" fill=\"#7d1f1c\" opacity=\"1\" data-original=\"#000000\" class=\"\"><\/path><\/g><\/svg>\t\t\t\t<\/span>\n\t\t\t<\/div>\n\t\t\t\n\t\t\t\t\t\t<div class=\"elementor-icon-box-content\">\n\n\t\t\t\t\t\t\t\t\t<h3 class=\"elementor-icon-box-title\">\n\t\t\t\t\t\t<span  >\n\t\t\t\t\t\t\tFor Convenience Of Choice\t\t\t\t\t\t<\/span>\n\t\t\t\t\t<\/h3>\n\t\t\t\t\n\t\t\t\t\t\t\t\t\t<p class=\"elementor-icon-box-description\">\n\t\t\t\t\t\tWe think about the convenience of your choice. Our products are supplied with star rating that should help hesitant buyers to take a decision. What\u2019s more, you can search our site if you know exactly what you are looking for or use a bunch of different filters that will considerably save your time and efforts.\t\t\t\t\t<\/p>\n\t\t\t\t\n\t\t\t<\/div>\n\t\t\t\n\t\t<\/div>\n\t\t\t\t\t\t<\/div>\n\t\t\t\t<\/div>\n\t\t\t\t<div class=\"elementor-element elementor-element-d5c6dc6 elementor-position-left elementor-vertical-align-middle elementor-view-default elementor-mobile-position-top elementor-widget elementor-widget-icon-box\" data-id=\"d5c6dc6\" data-element_type=\"widget\" data-widget_type=\"icon-box.default\">\n\t\t\t\t<div class=\"elementor-widget-container\">\n\t\t\t\t\t\t\t<div class=\"elementor-icon-box-wrapper\">\n\n\t\t\t\t\t\t<div class=\"elementor-icon-box-icon\">\n\t\t\t\t<span  class=\"elementor-icon\">\n\t\t\t\t<svg xmlns=\"http:\/\/www.w3.org\/2000\/svg\" xmlns:xlink=\"http:\/\/www.w3.org\/1999\/xlink\" width=\"512\" height=\"512\" x=\"0\" y=\"0\" viewbox=\"0 0 480.1 480.1\" style=\"enable-background:new 0 0 512 512\" xml:space=\"preserve\" class=\"\"><g><path d=\"M240.135.05C144.085.036 57.277 57.289 19.472 145.586l-2.992.992 1.16 3.48c-49.776 122.766 9.393 262.639 132.159 312.415a239.87 239.87 0 0 0 90.265 17.577c132.548.02 240.016-107.416 240.036-239.964S372.684.069 240.135.05zm188.253 361.004-12.324-12.316V320.05a7.99 7.99 0 0 0-.8-3.576l-31.2-62.312V224.05a8 8 0 0 0-3.56-6.656l-24-16a8.002 8.002 0 0 0-6.4-1.104l-29.392 7.344-49.368-21.184-6.792-47.584 18.824-18.816h40.408l13.6 20.44a8 8 0 0 0 5.344 3.448l48 8a7.933 7.933 0 0 0 3.84-.304l44.208-14.736c37.079 71.155 33.113 156.736-10.388 224.156zM395.392 78.882l-13.008 8.672-36.264-7.256-23.528-7.832a7.856 7.856 0 0 0-4.464-.176l-29.744 7.432-13.04-4.344 9.664-19.328h27.056a7.997 7.997 0 0 0 3.576-.84l27.68-13.84a224.823 224.823 0 0 1 52.072 37.512zM152.44 33.914l19.2 12.8a7.99 7.99 0 0 0 3.128 1.232l38.768 6.464-3.784 11.32-20.2 6.744a8 8 0 0 0-4.328 3.464l-22.976 38.288-36.904 22.144-54.4 7.768a8 8 0 0 0-6.88 7.912v24a8 8 0 0 0 2.344 5.656l13.656 13.656v13.744l-33.28-22.192-12.072-36.216A225.289 225.289 0 0 1 152.44 33.914zM129.664 296.21l-36.16-7.24-13.44-26.808v-18.8l29.808-29.808 11.032 22.072a8.001 8.001 0 0 0 7.16 4.424h51.472l21.672 36.12a8 8 0 0 0 6.856 3.88h22.24l-5.6 28.056-30.288 30.288a8.003 8.003 0 0 0-2.352 5.656v20l-28.8 21.6a8.002 8.002 0 0 0-3.2 6.4v28.896l-9.952-3.296-14.048-35.136V304.05a8 8 0 0 0-6.4-7.84zm-24.048 122.981C30.187 362.602-1.712 264.826 25.832 174.642l6.648 19.936a7.995 7.995 0 0 0 3.144 4.128l39.88 26.584-9.096 9.104a8 8 0 0 0-2.344 5.656v24a7.997 7.997 0 0 0 .84 3.576l16 32a8.003 8.003 0 0 0 5.6 4.264l33.6 6.712v73.448a8.003 8.003 0 0 0 .568 2.968l16 40a8.001 8.001 0 0 0 4.904 4.616l24 8a7.86 7.86 0 0 0 2.488.416 8 8 0 0 0 8-8v-36l28.8-21.6a8.002 8.002 0 0 0 3.2-6.4v-20.688l29.656-29.656a8.006 8.006 0 0 0 2.184-4.088l8-40a8 8 0 0 0-7.84-9.568h-27.472l-21.672-36.12a8 8 0 0 0-6.856-3.88h-51.056l-13.744-27.576a7.999 7.999 0 0 0-5.88-4.32 7.84 7.84 0 0 0-6.936 2.24l-10.384 10.344V192.05a8 8 0 0 0-2.344-5.656l-13.656-13.656v-13.752l49.136-7.016a8.037 8.037 0 0 0 2.984-1.064l40-24a7.996 7.996 0 0 0 2.736-2.736l22.48-37.464 21.192-7.072a7.918 7.918 0 0 0 5.056-5.056l8-24a8 8 0 0 0-6.272-10.4l-46.304-7.72-8.136-5.424a223.384 223.384 0 0 1 153.856 5.72l-14.616 7.296h-30.112a8 8 0 0 0-7.2 4.424l-16 32a8 8 0 0 0 4.632 11.16l24 8c1.44.489 2.99.551 4.464.176l29.744-7.432 21.792 7.256c.312.112.633.198.96.256l40 8a7.943 7.943 0 0 0 6.008-1.184l18.208-12.144a225.69 225.69 0 0 1 24.064 32.152l-39.36 13.12-42.616-7.104-14.08-21.12a8 8 0 0 0-6.616-3.56h-48a8 8 0 0 0-5.656 2.344l-24 24a8 8 0 0 0-2.264 6.792l8 56a8 8 0 0 0 4.8 6.216l56 24a7.907 7.907 0 0 0 5.088.408l28.568-7.144 17.464 11.664v27.72a7.99 7.99 0 0 0 .8 3.576l31.2 62.312v30.112a8 8 0 0 0 2.344 5.656l16.736 16.744c-74.223 98.933-214.595 118.965-313.528 44.741z\" fill=\"#7d1f1c\" opacity=\"1\" data-original=\"#000000\" class=\"\"><\/path><\/g><\/svg>\t\t\t\t<\/span>\n\t\t\t<\/div>\n\t\t\t\n\t\t\t\t\t\t<div class=\"elementor-icon-box-content\">\n\n\t\t\t\t\t\t\t\t\t<h3 class=\"elementor-icon-box-title\">\n\t\t\t\t\t\t<span  >\n\t\t\t\t\t\t\tLivraison dans toutes les r\u00e9gions\t\t\t\t\t\t<\/span>\n\t\t\t\t\t<\/h3>\n\t\t\t\t\n\t\t\t\t\t\t\t\t\t<p class=\"elementor-icon-box-description\">\n\t\t\t\t\t\tWe deliver our goods worldwide. No matter where you live, your order will be shipped in time and delivered right to your door or to any other location you have stated. The packages are handled with utmost care, so the ordered products will be handed to you safe and sound, just like you expect them to be.\t\t\t\t\t<\/p>\n\t\t\t\t\n\t\t\t<\/div>\n\t\t\t\n\t\t<\/div>\n\t\t\t\t\t\t<\/div>\n\t\t\t\t<\/div>\n\t\t\t\t<div class=\"elementor-element elementor-element-6e23868 elementor-position-left elementor-vertical-align-middle elementor-view-default elementor-mobile-position-top elementor-widget elementor-widget-icon-box\" data-id=\"6e23868\" data-element_type=\"widget\" data-widget_type=\"icon-box.default\">\n\t\t\t\t<div class=\"elementor-widget-container\">\n\t\t\t\t\t\t\t<div class=\"elementor-icon-box-wrapper\">\n\n\t\t\t\t\t\t<div class=\"elementor-icon-box-icon\">\n\t\t\t\t<span  class=\"elementor-icon\">\n\t\t\t\t<svg xmlns=\"http:\/\/www.w3.org\/2000\/svg\" xmlns:xlink=\"http:\/\/www.w3.org\/1999\/xlink\" width=\"512\" height=\"512\" x=\"0\" y=\"0\" viewbox=\"0 0 483.199 483\" style=\"enable-background:new 0 0 512 512\" xml:space=\"preserve\" class=\"\"><g><path d=\"M482.121 302.898A32.01 32.01 0 0 0 456 279.715V96.102h16a8 8 0 0 0 8-8v-80c0-4.422-3.582-8-8-8H120c-4.418 0-8 3.578-8 8v80a8 8 0 0 0 8 8h16v160h-8a103.022 103.022 0 0 0-56 16.39v-40.39c0-4.422-3.582-8-8-8H8c-4.418 0-8 3.578-8 8v184a8 8 0 0 0 8 8h56a8 8 0 0 0 8-8v-40.387a103.127 103.127 0 0 0 56 16.387h131.36c9.1-.016 18.16-1.211 26.952-3.555l173.208-46.399c17.043-4.644 27.14-22.175 22.601-39.25zM128 16.102h336v64H128zm24 80h288V281.09l-92.848 24.898a32.159 32.159 0 0 0-21.16-18.578L218.2 258.5a72.71 72.71 0 0 0-18.597-2.398H152zm-96 312H16v-168h40zm399.367-81.41L282.191 373.09a89.043 89.043 0 0 1-22.832 3.012H128A87.398 87.398 0 0 1 75.2 358.5l-3.2-2.398v-64l3.2-2.403a87.344 87.344 0 0 1 52.8-17.597h71.602a56.542 56.542 0 0 1 14.488 1.878l107.758 28.887a16.134 16.134 0 0 1 11.754 13.778c.086.328.191.652.32.968a7.885 7.885 0 0 0-.211 1.047c.008 1.3-.168 2.598-.527 3.848a16 16 0 0 1-15.422 11.832 15.779 15.779 0 0 1-4.168-.527l-68-18.235a8.007 8.007 0 0 0-7.887 1.961 7.998 7.998 0 0 0 3.742 13.488l68 18.243a32.536 32.536 0 0 0 8.328 1.07c14.383-.008 26.989-9.63 30.79-23.504.445-1.606.745-3.246.906-4.902L447 295.78c.695-.176 1.45-.355 2.16-.472 7.965-1.028 15.453 4.007 17.512 11.765.36 1.352.539 2.746.527 4.145a15.997 15.997 0 0 1-11.832 15.472zm0 0\" fill=\"#7d1f1c\" opacity=\"1\" data-original=\"#000000\"><\/path><path d=\"M256 128.102h80a8 8 0 0 0 0-16h-80a8 8 0 0 0 0 16zm0 0\" fill=\"#7d1f1c\" opacity=\"1\" data-original=\"#000000\"><\/path><\/g><\/svg>\t\t\t\t<\/span>\n\t\t\t<\/div>\n\t\t\t\n\t\t\t\t\t\t<div class=\"elementor-icon-box-content\">\n\n\t\t\t\t\t\t\t\t\t<h3 class=\"elementor-icon-box-title\">\n\t\t\t\t\t\t<span  >\n\t\t\t\t\t\t\tLa plus haute qualit\u00e9 de produits\t\t\t\t\t\t<\/span>\n\t\t\t\t\t<\/h3>\n\t\t\t\t\n\t\t\t\t\t\t\t\t\t<p class=\"elementor-icon-box-description\">\n\t\t\t\t\t\tNous garantissons la plus haute qualit\u00e9 des produits que nous vendons. Plusieurs d\u00e9cennies d&#039;exploitation r\u00e9ussie et des millions de clients satisfaits nous en garantissent. En outre, tous les articles que nous vendons sont soumis \u00e0 un contr\u00f4le de qualit\u00e9 approfondi, de sorte qu&#039;aucune inad\u00e9quation des caract\u00e9ristiques ne puisse \u00e9chapper \u00e0 l&#039;\u0153il de nos professionnels.\t\t\t\t\t<\/p>\n\t\t\t\t\n\t\t\t<\/div>\n\t\t\t\n\t\t<\/div>\n\t\t\t\t\t\t<\/div>\n\t\t\t\t<\/div>\n\t\t\t\t<\/div>\n\t\t\t\t\t<\/div>\n\t\t\t\t<\/div>\n\t\t\t\t<\/div>","protected":false},"excerpt":{"rendered":"<p>About Us Catering to your requirements, handling your needs with care Our store is more than just another average online<\/p>","protected":false},"author":1,"featured_media":0,"parent":0,"menu_order":0,"comment_status":"closed","ping_status":"closed","template":"","meta":{"footnotes":""},"class_list":["post-554","page","type-page","status-publish","hentry"],"_links":{"self":[{"href":"https:\/\/mtiautomation.com\/fr\/wp-json\/wp\/v2\/pages\/554","targetHints":{"allow":["GET"]}}],"collection":[{"href":"https:\/\/mtiautomation.com\/fr\/wp-json\/wp\/v2\/pages"}],"about":[{"href":"https:\/\/mtiautomation.com\/fr\/wp-json\/wp\/v2\/types\/page"}],"author":[{"embeddable":true,"href":"https:\/\/mtiautomation.com\/fr\/wp-json\/wp\/v2\/users\/1"}],"replies":[{"embeddable":true,"href":"https:\/\/mtiautomation.com\/fr\/wp-json\/wp\/v2\/comments?post=554"}],"version-history":[{"count":0,"href":"https:\/\/mtiautomation.com\/fr\/wp-json\/wp\/v2\/pages\/554\/revisions"}],"wp:attachment":[{"href":"https:\/\/mtiautomation.com\/fr\/wp-json\/wp\/v2\/media?parent=554"}],"curies":[{"name":"wp","href":"https:\/\/api.w.org\/{rel}","templated":true}]}}