{"id":4663,"date":"2025-02-06T14:21:07","date_gmt":"2025-02-06T14:21:07","guid":{"rendered":"https:\/\/mtiautomation.com\/?page_id=4663"},"modified":"2025-02-06T14:36:09","modified_gmt":"2025-02-06T14:36:09","slug":"conditions-generales-du-programme-de-recompenses-mti-automation","status":"publish","type":"page","link":"https:\/\/mtiautomation.com\/fr\/conditions-generales-du-programme-de-recompenses-mti-automation\/","title":{"rendered":"Conditions g\u00e9n\u00e9rales du Programme de R\u00e9compenses MTI Automation"},"content":{"rendered":"<div data-elementor-type=\"wp-page\" data-elementor-id=\"4663\" class=\"elementor elementor-4663\" data-elementor-post-type=\"page\">\n\t\t\t\t<div class=\"elementor-element elementor-element-5cd09aa e-con-full wd-section-stretch e-flex e-con e-parent\" data-id=\"5cd09aa\" data-element_type=\"container\">\n\t\t<div class=\"elementor-element elementor-element-5c2338d e-flex e-con-boxed e-con e-child\" data-id=\"5c2338d\" data-element_type=\"container\" data-settings=\"{&quot;background_background&quot;:&quot;classic&quot;}\">\n\t\t\t\t\t<div class=\"e-con-inner\">\n\t\t\t\t\t<\/div>\n\t\t\t\t<\/div>\n\t\t\t\t<\/div>\n\t\t<div class=\"elementor-element elementor-element-9087815 e-flex e-con-boxed e-con e-parent\" data-id=\"9087815\" data-element_type=\"container\">\n\t\t\t\t\t<div class=\"e-con-inner\">\n\t\t\t\t<div class=\"elementor-element elementor-element-9612510 elementor-widget elementor-widget-heading\" data-id=\"9612510\" data-element_type=\"widget\" data-widget_type=\"heading.default\">\n\t\t\t\t<div class=\"elementor-widget-container\">\n\t\t\t\t\t<h2 class=\"elementor-heading-title elementor-size-default\">1. \u00c9ligibilit\u00e9<\/h2>\t\t\t\t<\/div>\n\t\t\t\t<\/div>\n\t\t\t\t<div class=\"elementor-element elementor-element-ddf5df9 color-scheme-inherit text-left elementor-widget elementor-widget-text-editor\" data-id=\"ddf5df9\" data-element_type=\"widget\" data-widget_type=\"text-editor.default\">\n\t\t\t\t<div class=\"elementor-widget-container\">\n\t\t\t\t\t\t\t\t\t<ul><li>Le programme est ouvert aux r\u00e9sidents l\u00e9gaux au Canada et USA \u00e2g\u00e9s de 18 ans ou plus.<\/li><li>Les achats effectu\u00e9s via des comptes professionnels (B2B) et personnels sont \u00e9ligibles.<\/li><li>Les employ\u00e9s de MTI Automation et leurs familles ne peuvent pas participer.<\/li><\/ul>\t\t\t\t\t\t\t\t<\/div>\n\t\t\t\t<\/div>\n\t\t\t\t<div class=\"elementor-element elementor-element-10bf5ab elementor-widget elementor-widget-heading\" data-id=\"10bf5ab\" data-element_type=\"widget\" data-widget_type=\"heading.default\">\n\t\t\t\t<div class=\"elementor-widget-container\">\n\t\t\t\t\t<h2 class=\"elementor-heading-title elementor-size-default\">2. Accumulation de Points<\/h2>\t\t\t\t<\/div>\n\t\t\t\t<\/div>\n\t\t\t\t<div class=\"elementor-element elementor-element-0106bb9 color-scheme-inherit text-left elementor-widget elementor-widget-text-editor\" data-id=\"0106bb9\" data-element_type=\"widget\" data-widget_type=\"text-editor.default\">\n\t\t\t\t<div class=\"elementor-widget-container\">\n\t\t\t\t\t\t\t\t\t<ul><li><strong>Taux de conversion<\/strong> <span style=\"color: #800000;\"><strong>: 1 point = 20$ CAD d\u00e9pens\u00e9s<\/strong><\/span> (hors taxes, frais de livraison, et remises).<\/li><li>Les points sont cr\u00e9dit\u00e9s sous <strong><span style=\"color: #800000;\">48h apr\u00e8s validation<\/span><\/strong> de la commande.<\/li><li><strong>Exclusions<\/strong> : Les retours ou annulations entra\u00eenent une d\u00e9duction des points accord\u00e9s.<\/li><li>Expiration : Les points non utilis\u00e9s expirent apr\u00e8s <span style=\"color: #800000;\"><strong>12 mois d\u2019inactivit\u00e9.<\/strong><\/span><\/li><\/ul>\t\t\t\t\t\t\t\t<\/div>\n\t\t\t\t<\/div>\n\t\t\t\t<div class=\"elementor-element elementor-element-fe572bd elementor-widget elementor-widget-heading\" data-id=\"fe572bd\" data-element_type=\"widget\" data-widget_type=\"heading.default\">\n\t\t\t\t<div class=\"elementor-widget-container\">\n\t\t\t\t\t<h2 class=\"elementor-heading-title elementor-size-default\">3. \u00c9change de R\u00e9compenses<\/h2>\t\t\t\t<\/div>\n\t\t\t\t<\/div>\n\t\t\t\t<div class=\"elementor-element elementor-element-b02aa49 color-scheme-inherit text-left elementor-widget elementor-widget-text-editor\" data-id=\"b02aa49\" data-element_type=\"widget\" data-widget_type=\"text-editor.default\">\n\t\t\t\t<div class=\"elementor-widget-container\">\n\t\t\t\t\t\t\t\t\t<ul><li>Seuil minimum : <span style=\"color: #800000;\"><strong>250 points<\/strong><\/span> requis pour \u00e9changer une carte Visa pr\u00e9pay\u00e9e <span style=\"color: #800000;\"><strong>(valeur : 25$ CAD par tranche de 250 points).<\/strong><\/span><\/li><li>Les r\u00e9compenses sont envoy\u00e9es par e-mail sous 5 jours ouvr\u00e9s apr\u00e8s validation.<\/li><li>Les cartes Visa pr\u00e9pay\u00e9es sont valables 12 mois \u00e0 partir de la date d\u2019\u00e9mission.<\/li><li>Limites : Maximum de 5 cartes Visa \u00e9changeables par mois et par compte.<\/li><\/ul>\t\t\t\t\t\t\t\t<\/div>\n\t\t\t\t<\/div>\n\t\t\t\t<div class=\"elementor-element elementor-element-e112615 elementor-widget elementor-widget-heading\" data-id=\"e112615\" data-element_type=\"widget\" data-widget_type=\"heading.default\">\n\t\t\t\t<div class=\"elementor-widget-container\">\n\t\t\t\t\t<h2 class=\"elementor-heading-title elementor-size-default\">4. Restrictions<\/h2>\t\t\t\t<\/div>\n\t\t\t\t<\/div>\n\t\t\t\t<div class=\"elementor-element elementor-element-5440ba0 color-scheme-inherit text-left elementor-widget elementor-widget-text-editor\" data-id=\"5440ba0\" data-element_type=\"widget\" data-widget_type=\"text-editor.default\">\n\t\t\t\t<div class=\"elementor-widget-container\">\n\t\t\t\t\t\t\t\t\t<ul><li>Les points ne peuvent pas \u00eatre transf\u00e9r\u00e9s, vendus ou combin\u00e9s entre comptes.<\/li><li>Les r\u00e9compenses ne sont pas \u00e9changeables contre de l\u2019argent comptant.<\/li><li>MTI Automation se r\u00e9serve le droit de modifier les valeurs des points, les seuils ou les r\u00e9compenses, avec un pr\u00e9avis de 30 jours.<\/li><\/ul>\t\t\t\t\t\t\t\t<\/div>\n\t\t\t\t<\/div>\n\t\t\t\t<div class=\"elementor-element elementor-element-dfde72d elementor-widget elementor-widget-heading\" data-id=\"dfde72d\" data-element_type=\"widget\" data-widget_type=\"heading.default\">\n\t\t\t\t<div class=\"elementor-widget-container\">\n\t\t\t\t\t<h2 class=\"elementor-heading-title elementor-size-default\">5. Suspension ou R\u00e9siliation<\/h2>\t\t\t\t<\/div>\n\t\t\t\t<\/div>\n\t\t\t\t<div class=\"elementor-element elementor-element-f7ad2ef color-scheme-inherit text-left elementor-widget elementor-widget-text-editor\" data-id=\"f7ad2ef\" data-element_type=\"widget\" data-widget_type=\"text-editor.default\">\n\t\t\t\t<div class=\"elementor-widget-container\">\n\t\t\t\t\t\t\t\t\t<ul><li>Tout comportement frauduleux (ex : cr\u00e9ation de faux comptes, achats fictifs) entra\u00eene la suspension imm\u00e9diate du compte et l\u2019annulation des points.<\/li><li>MTI Automation peut r\u00e9silier le programme avec un pr\u00e9avis de 60 jours.<\/li><\/ul>\t\t\t\t\t\t\t\t<\/div>\n\t\t\t\t<\/div>\n\t\t\t\t<div class=\"elementor-element elementor-element-847eb75 elementor-widget elementor-widget-heading\" data-id=\"847eb75\" data-element_type=\"widget\" data-widget_type=\"heading.default\">\n\t\t\t\t<div class=\"elementor-widget-container\">\n\t\t\t\t\t<h2 class=\"elementor-heading-title elementor-size-default\">6. Responsabilit\u00e9<\/h2>\t\t\t\t<\/div>\n\t\t\t\t<\/div>\n\t\t\t\t<div class=\"elementor-element elementor-element-7365300 color-scheme-inherit text-left elementor-widget elementor-widget-text-editor\" data-id=\"7365300\" data-element_type=\"widget\" data-widget_type=\"text-editor.default\">\n\t\t\t\t<div class=\"elementor-widget-container\">\n\t\t\t\t\t\t\t\t\t<ul><li>MTI Automation n\u2019est pas responsable des cartes Visa perdues, vol\u00e9es ou expir\u00e9es apr\u00e8s envoi.<\/li><li>Les r\u00e9compenses sont soumises aux conditions d\u2019utilisation des partenaires (ex : Visa).<\/li><\/ul>\t\t\t\t\t\t\t\t<\/div>\n\t\t\t\t<\/div>\n\t\t\t\t<div class=\"elementor-element elementor-element-156107c elementor-widget elementor-widget-heading\" data-id=\"156107c\" data-element_type=\"widget\" data-widget_type=\"heading.default\">\n\t\t\t\t<div class=\"elementor-widget-container\">\n\t\t\t\t\t<h2 class=\"elementor-heading-title elementor-size-default\">7. Donn\u00e9es Personnelles<\/h2>\t\t\t\t<\/div>\n\t\t\t\t<\/div>\n\t\t\t\t<div class=\"elementor-element elementor-element-91c9ffe color-scheme-inherit text-left elementor-widget elementor-widget-text-editor\" data-id=\"91c9ffe\" data-element_type=\"widget\" data-widget_type=\"text-editor.default\">\n\t\t\t\t<div class=\"elementor-widget-container\">\n\t\t\t\t\t\t\t\t\t<ul><li>Les donn\u00e9es des participants sont utilis\u00e9es uniquement pour g\u00e9rer le programme. Consultez notre Politique de Confidentialit\u00e9.<\/li><\/ul>\t\t\t\t\t\t\t\t<\/div>\n\t\t\t\t<\/div>\n\t\t\t\t<div class=\"elementor-element elementor-element-2f25535 elementor-widget elementor-widget-heading\" data-id=\"2f25535\" data-element_type=\"widget\" data-widget_type=\"heading.default\">\n\t\t\t\t<div class=\"elementor-widget-container\">\n\t\t\t\t\t<h2 class=\"elementor-heading-title elementor-size-default\">8.  Contact<\/h2>\t\t\t\t<\/div>\n\t\t\t\t<\/div>\n\t\t\t\t<div class=\"elementor-element elementor-element-df96bac color-scheme-inherit text-left elementor-widget elementor-widget-text-editor\" data-id=\"df96bac\" data-element_type=\"widget\" data-widget_type=\"text-editor.default\">\n\t\t\t\t<div class=\"elementor-widget-container\">\n\t\t\t\t\t\t\t\t\t<ul><li>Pour toute question : admin@mtiautomation.com ou 1-877-629-9191<\/li><\/ul>\t\t\t\t\t\t\t\t<\/div>\n\t\t\t\t<\/div>\n\t\t\t\t\t<\/div>\n\t\t\t\t<\/div>\n\t\t\t\t<\/div>","protected":false},"excerpt":{"rendered":"<p>1. \u00c9ligibilit\u00e9 Le programme est ouvert aux r\u00e9sidents l\u00e9gaux au Canada et USA \u00e2g\u00e9s de 18 ans ou plus. Les<\/p>","protected":false},"author":1,"featured_media":0,"parent":0,"menu_order":0,"comment_status":"closed","ping_status":"closed","template":"","meta":{"footnotes":""},"class_list":["post-4663","page","type-page","status-publish","hentry"],"_links":{"self":[{"href":"https:\/\/mtiautomation.com\/fr\/wp-json\/wp\/v2\/pages\/4663","targetHints":{"allow":["GET"]}}],"collection":[{"href":"https:\/\/mtiautomation.com\/fr\/wp-json\/wp\/v2\/pages"}],"about":[{"href":"https:\/\/mtiautomation.com\/fr\/wp-json\/wp\/v2\/types\/page"}],"author":[{"embeddable":true,"href":"https:\/\/mtiautomation.com\/fr\/wp-json\/wp\/v2\/users\/1"}],"replies":[{"embeddable":true,"href":"https:\/\/mtiautomation.com\/fr\/wp-json\/wp\/v2\/comments?post=4663"}],"version-history":[{"count":10,"href":"https:\/\/mtiautomation.com\/fr\/wp-json\/wp\/v2\/pages\/4663\/revisions"}],"predecessor-version":[{"id":4681,"href":"https:\/\/mtiautomation.com\/fr\/wp-json\/wp\/v2\/pages\/4663\/revisions\/4681"}],"wp:attachment":[{"href":"https:\/\/mtiautomation.com\/fr\/wp-json\/wp\/v2\/media?parent=4663"}],"curies":[{"name":"wp","href":"https:\/\/api.w.org\/{rel}","templated":true}]}}